{"id":437,"date":"2021-05-03T20:30:55","date_gmt":"2021-05-03T18:30:55","guid":{"rendered":"https:\/\/staging.advokat36.de\/?page_id=437"},"modified":"2024-01-24T22:25:35","modified_gmt":"2024-01-24T21:25:35","slug":"team","status":"publish","type":"page","link":"https:\/\/kanzlei-schillmann.de\/index.php\/team\/","title":{"rendered":"Team"},"content":{"rendered":"<p>[et_pb_section fb_built=&#8220;1&#8243; _builder_version=&#8220;4.16&#8243; custom_padding=&#8220;1px|||||&#8220; global_colors_info=&#8220;{}&#8220;][et_pb_row _builder_version=&#8220;4.16&#8243; _module_preset=&#8220;default&#8220; global_colors_info=&#8220;{}&#8220;][et_pb_column type=&#8220;4_4&#8243; _builder_version=&#8220;4.16&#8243; _module_preset=&#8220;default&#8220; global_colors_info=&#8220;{}&#8220;][et_pb_heading title=&#8220;Team&#8220; _builder_version=&#8220;4.23.1&#8243; _module_preset=&#8220;default&#8220; global_colors_info=&#8220;{}&#8220;][\/et_pb_heading][\/et_pb_column][\/et_pb_row][et_pb_row column_structure=&#8220;1_2,1_2&#8243; _builder_version=&#8220;4.16&#8243; _module_preset=&#8220;default&#8220; global_colors_info=&#8220;{}&#8220;][et_pb_column type=&#8220;1_2&#8243; _builder_version=&#8220;4.16&#8243; _module_preset=&#8220;default&#8220; global_colors_info=&#8220;{}&#8220;][et_pb_team_member name=&#8220;Christa Schillmann&#8220; position=&#8220;Rechtsanw\u00e4ltin &#038; Fachanw\u00e4ltin f\u00fcr Medizinrecht&#8220; image_url=&#8220;https:\/\/kanzlei-schillmann.de\/wp-content\/uploads\/2020\/08\/christa_profile-e1597668680904.jpg&#8220; _builder_version=&#8220;4.16&#8243; _dynamic_attributes=&#8220;link_option_url&#8220; _module_preset=&#8220;default&#8220; link_option_url=&#8220;@ET-DC@eyJkeW5hbWljIjp0cnVlLCJjb250ZW50IjoicG9zdF9saW5rX3VybF9wYWdlIiwic2V0dGluZ3MiOnsicG9zdF9pZCI6IjQzOSJ9fQ==@&#8220; global_colors_info=&#8220;{}&#8220;]<\/p>\n<p><span>Rechtsanw\u00e4ltin Christa Luise Schilmann ist auf das Medizinrecht und auf das Strafrecht spezialisiert. Sie kann \u00fcber langj\u00e4hrige Erfahrung in beiden Bereichen zur\u00fcckblicken und ist stets Fokussiert auf die L\u00f6sung ihres Problems. <\/span><\/p>\n<p><span>In ihrer Freizeit geht sie gerne Segeln und im Urlaub sind weite Reisen ihr Ziel.\u00a0<\/span><span><\/span><\/p>\n<p>[\/et_pb_team_member][\/et_pb_column][et_pb_column type=&#8220;1_2&#8243; _builder_version=&#8220;4.16&#8243; _module_preset=&#8220;default&#8220; global_colors_info=&#8220;{}&#8220;][et_pb_text _builder_version=&#8220;4.23.1&#8243; _module_preset=&#8220;default&#8220; global_colors_info=&#8220;{}&#8220;]<\/p>\n<h4>Wieso Medizinrecht?<\/h4>\n<p>Das Medizinrecht begleitet mich schon seit dem Studium. Durch den privaten Kontakt zu vielen Personen aus dem Gesundheitsbereich begann ich bereits direkt nach dem ersten Staatsexamen mit dem Fachanwaltslehrgang um die notwendigen theoretischen Kenntnisse zu sammeln. In den ersten Berufsjahren in einer medizinrechtlich ausgerichteten Kanzlei erlernte ich das Praxiswissen. Seit 2022 bin ich Fachanw\u00e4ltin f\u00fcr Medizinrecht und habe im besonderen Kenntnisse im Haftungsrecht, Berufsrecht, Vertrags- und Gesellschaftsrecht sowie dem Strafrecht.<\/p>\n<p>&nbsp;<\/p>\n<p>[\/et_pb_text][\/et_pb_column][\/et_pb_row][et_pb_row _builder_version=&#8220;4.24.0&#8243; _module_preset=&#8220;default&#8220;][et_pb_column _builder_version=&#8220;4.24.0&#8243; _module_preset=&#8220;default&#8220; type=&#8220;4_4&#8243;][et_pb_text _builder_version=&#8220;4.24.0&#8243; _module_preset=&#8220;default&#8220; hover_enabled=&#8220;0&#8243; sticky_enabled=&#8220;0&#8243;]<\/p>\n<h2>Meine Kooperationspartner:<\/h2>\n<p>[\/et_pb_text][\/et_pb_column][\/et_pb_row][et_pb_row _builder_version=&#8220;4.24.0&#8243; _module_preset=&#8220;default&#8220; column_structure=&#8220;1_2,1_4,1_4&#8243; custom_margin=&#8220;|auto|-124px|auto||&#8220; hover_enabled=&#8220;0&#8243; sticky_enabled=&#8220;0&#8243;][et_pb_column _builder_version=&#8220;4.24.0&#8243; _module_preset=&#8220;default&#8220; type=&#8220;1_2&#8243;][et_pb_image src=&#8220;https:\/\/kanzlei-schillmann.de\/wp-content\/uploads\/2024\/01\/Strafrecht-Fulda.jpg&#8220; _builder_version=&#8220;4.24.0&#8243; _module_preset=&#8220;default&#8220; hover_enabled=&#8220;0&#8243; sticky_enabled=&#8220;0&#8243; title_text=&#8220;Strafrecht Fulda&#8220; url=&#8220;https:\/\/www.rechtsanwaltskanzlei-gescher.de\/&#8220; url_new_window=&#8220;on&#8220; max_height=&#8220;100px&#8220;][\/et_pb_image][\/et_pb_column][et_pb_column _builder_version=&#8220;4.24.0&#8243; _module_preset=&#8220;default&#8220; type=&#8220;1_4&#8243;][et_pb_image src=&#8220;https:\/\/kanzlei-schillmann.de\/wp-content\/uploads\/2024\/01\/cropped-cropped-dummylogo-1.png&#8220; _builder_version=&#8220;4.24.0&#8243; _module_preset=&#8220;default&#8220; title_text=&#8220;cropped-cropped-dummylogo-1&#8243; url=&#8220;https:\/\/jbns.de\/&#8220; url_new_window=&#8220;on&#8220; hover_enabled=&#8220;0&#8243; sticky_enabled=&#8220;0&#8243; min_height=&#8220;188.7px&#8220; max_height=&#8220;29px&#8220;][\/et_pb_image][\/et_pb_column][et_pb_column _builder_version=&#8220;4.24.0&#8243; _module_preset=&#8220;default&#8220; type=&#8220;1_4&#8243;][\/et_pb_column][\/et_pb_row][\/et_pb_section][et_pb_section fb_built=&#8220;1&#8243; theme_builder_area=&#8220;post_content&#8220; _builder_version=&#8220;4.24.0&#8243; _module_preset=&#8220;default&#8220;][et_pb_row _builder_version=&#8220;4.24.0&#8243; _module_preset=&#8220;default&#8220; theme_builder_area=&#8220;post_content&#8220;][et_pb_column _builder_version=&#8220;4.24.0&#8243; _module_preset=&#8220;default&#8220; type=&#8220;4_4&#8243; theme_builder_area=&#8220;post_content&#8220;][\/et_pb_column][\/et_pb_row][\/et_pb_section]<\/p>\n","protected":false},"excerpt":{"rendered":"<p>Rechtsanw\u00e4ltin Christa Luise Schilmann ist auf das Medizinrecht und auf das Strafrecht spezialisiert. Sie kann \u00fcber langj\u00e4hrige Erfahrung in beiden Bereichen zur\u00fcckblicken und ist stets Fokussiert auf die L\u00f6sung ihres Problems. In ihrer Freizeit geht sie gerne Segeln und im Urlaub sind weite Reisen ihr Ziel.\u00a0Wieso Medizinrecht? Das Medizinrecht begleitet mich schon seit dem Studium. [&hellip;]<\/p>\n","protected":false},"author":4,"featured_media":0,"parent":0,"menu_order":0,"comment_status":"closed","ping_status":"closed","template":"","meta":{"_acf_changed":false,"_et_pb_use_builder":"on","_et_pb_old_content":"<p><strong>Dies ist die Teamseite von Adokat36<\/strong><\/p><p>\u00a0<\/p><p>Link zu Christa<\/p><p>Link zu Darja<\/p><p>Link zur Karriere<\/p>","_et_gb_content_width":"","iawp_total_views":58,"footnotes":""},"class_list":["post-437","page","type-page","status-publish","hentry"],"acf":[],"_links":{"self":[{"href":"https:\/\/kanzlei-schillmann.de\/index.php\/wp-json\/wp\/v2\/pages\/437","targetHints":{"allow":["GET"]}}],"collection":[{"href":"https:\/\/kanzlei-schillmann.de\/index.php\/wp-json\/wp\/v2\/pages"}],"about":[{"href":"https:\/\/kanzlei-schillmann.de\/index.php\/wp-json\/wp\/v2\/types\/page"}],"author":[{"embeddable":true,"href":"https:\/\/kanzlei-schillmann.de\/index.php\/wp-json\/wp\/v2\/users\/4"}],"replies":[{"embeddable":true,"href":"https:\/\/kanzlei-schillmann.de\/index.php\/wp-json\/wp\/v2\/comments?post=437"}],"version-history":[{"count":13,"href":"https:\/\/kanzlei-schillmann.de\/index.php\/wp-json\/wp\/v2\/pages\/437\/revisions"}],"predecessor-version":[{"id":1851,"href":"https:\/\/kanzlei-schillmann.de\/index.php\/wp-json\/wp\/v2\/pages\/437\/revisions\/1851"}],"wp:attachment":[{"href":"https:\/\/kanzlei-schillmann.de\/index.php\/wp-json\/wp\/v2\/media?parent=437"}],"curies":[{"name":"wp","href":"https:\/\/api.w.org\/{rel}","templated":true}]}}