{"id":439,"date":"2021-05-03T20:31:36","date_gmt":"2021-05-03T18:31:36","guid":{"rendered":"https:\/\/staging.advokat36.de\/?page_id=439"},"modified":"2026-01-06T16:32:43","modified_gmt":"2026-01-06T15:32:43","slug":"christa-schillmann","status":"publish","type":"page","link":"https:\/\/kanzlei-schillmann.de\/index.php\/team\/christa-schillmann\/","title":{"rendered":"Christa Schillmann"},"content":{"rendered":"<p>[et_pb_section fb_built=&#8220;1&#8243; _builder_version=&#8220;4.18.1&#8243; _module_preset=&#8220;default&#8220; global_colors_info=&#8220;{}&#8220;][et_pb_row column_structure=&#8220;1_4,3_4&#8243; _builder_version=&#8220;4.18.1&#8243; _module_preset=&#8220;default&#8220; global_colors_info=&#8220;{}&#8220;][et_pb_column type=&#8220;1_4&#8243; _builder_version=&#8220;4.18.1&#8243; _module_preset=&#8220;default&#8220; global_colors_info=&#8220;{}&#8220;][et_pb_image src=&#8220;https:\/\/kanzlei-schillmann.de\/wp-content\/uploads\/2022\/11\/christa1x1.jpg&#8220; title_text=&#8220;christa1x1&#8243; _builder_version=&#8220;4.18.1&#8243; _module_preset=&#8220;default&#8220; border_radii=&#8220;on|30px|30px|30px|30px&#8220; global_colors_info=&#8220;{}&#8220;][\/et_pb_image][\/et_pb_column][et_pb_column type=&#8220;3_4&#8243; _builder_version=&#8220;4.18.1&#8243; _module_preset=&#8220;default&#8220; global_colors_info=&#8220;{}&#8220;][et_pb_text _builder_version=&#8220;4.18.1&#8243; _module_preset=&#8220;default&#8220; custom_padding=&#8220;153px||||false|false&#8220; locked=&#8220;off&#8220; global_colors_info=&#8220;{}&#8220;]<\/p>\n<h1>Christa Luise Schillmann<\/h1>\n<p><strong>Fachanw\u00e4ltin f\u00fcr Medizinrecht &amp; Rechtsanw\u00e4ltin f\u00fcr Strafrecht<\/strong><a href=\"mailto:email@example.com\"><\/a><\/p>\n<p>&nbsp;<\/p>\n<p>[\/et_pb_text][\/et_pb_column][\/et_pb_row][et_pb_row column_structure=&#8220;1_2,1_2&#8243; _builder_version=&#8220;4.18.1&#8243; _module_preset=&#8220;default&#8220; global_colors_info=&#8220;{}&#8220;][et_pb_column type=&#8220;1_2&#8243; _builder_version=&#8220;4.18.1&#8243; _module_preset=&#8220;default&#8220; global_colors_info=&#8220;{}&#8220;][et_pb_text _builder_version=&#8220;4.18.1&#8243; _module_preset=&#8220;default&#8220; custom_padding=&#8220;||0px|||&#8220; locked=&#8220;off&#8220; global_colors_info=&#8220;{}&#8220;]<\/p>\n<p data-start=\"395\" data-end=\"781\">Frau Rechtsanw\u00e4ltin Christa Luise Schillmann ist Fachanw\u00e4ltin f\u00fcr Medizinrecht und seit vielen Jahren schwerpunktm\u00e4\u00dfig in der <strong data-start=\"525\" data-end=\"573\">Opfervertretung sowie im Schmerzensgeldrecht<\/strong> t\u00e4tig. Sie ber\u00e4t und vertritt Mandantinnen und Mandanten, die durch Straftaten oder Unf\u00e4lle k\u00f6rperliche oder psychische Sch\u00e4den erlitten haben, engagiert, empathisch und mit hoher fachlicher Spezialisierung.<\/p>\n<p data-start=\"783\" data-end=\"1229\">Seit ihrer Zulassung als Rechtsanw\u00e4ltin im Jahr 2018 vertritt Frau Schillmann durchgehend Mandanten im Bereich des <strong data-start=\"898\" data-end=\"918\">Schmerzensgeldes<\/strong>. Im Jahr 2021 erwarb sie den Titel <strong data-start=\"954\" data-end=\"987\">Fachanw\u00e4ltin f\u00fcr Medizinrecht<\/strong>. Ihre T\u00e4tigkeit umfasst insbesondere die Durchsetzung von Schmerzensgeld- und Schadensersatzanspr\u00fcchen nach \u00e4rztlichen Behandlungsfehlern,\u00a0 Verkehrsunf\u00e4llen, Straftaten, sowie sonstigen haftungsrechtlich relevanten Sch\u00e4digungen.<\/p>\n<p data-start=\"1231\" data-end=\"1651\">Ein besonderer Schwerpunkt liegt auf der <strong data-start=\"1272\" data-end=\"1324\">rechtlichen Begleitung von Opfern von Straftaten<\/strong>. Frau Schillmann kooperiert seit l\u00e4ngerer Zeit mit dem <strong data-start=\"1380\" data-end=\"1401\">Wei\u00dfen Ring e. V.<\/strong> und ber\u00e4t Betroffene umfassend zu ihren straf- und zivilrechtlichen M\u00f6glichkeiten. Ziel ihrer Arbeit ist es, Opfer nicht nur juristisch zu vertreten, sondern ihnen in einer belastenden Situation Struktur, Klarheit und rechtliche Sicherheit zu geben.<\/p>\n<p data-start=\"1653\" data-end=\"1948\">Im Strafverfahren \u00fcbernimmt Frau Schillmann die <strong data-start=\"1701\" data-end=\"1720\">Opfervertretung<\/strong>, insbesondere im Rahmen der Nebenklage, und setzt die Rechte der Gesch\u00e4digten konsequent durch. Parallel verfolgt sie die zivilrechtlichen Anspr\u00fcche auf Schmerzensgeld und Schadensersatz \u2013 au\u00dfergerichtlich wie auch gerichtlich.<\/p>\n<p data-start=\"1950\" data-end=\"2221\">Frau Rechtsanw\u00e4ltin Schillmann legt gro\u00dfen Wert auf eine <strong data-start=\"2007\" data-end=\"2043\">pers\u00f6nliche, zugewandte Beratung<\/strong> und eine klare Einsch\u00e4tzung der rechtlichen M\u00f6glichkeiten. Sie steht ihren Mandantinnen und Mandanten vom ersten Gespr\u00e4ch bis zum Abschluss des Verfahrens zuverl\u00e4ssig zur Seite.<\/p>\n<p>[\/et_pb_text][\/et_pb_column][et_pb_column type=&#8220;1_2&#8243; _builder_version=&#8220;4.18.1&#8243; _module_preset=&#8220;default&#8220; global_colors_info=&#8220;{}&#8220;][et_pb_text _builder_version=&#8220;4.18.1&#8243; _module_preset=&#8220;default&#8220; locked=&#8220;off&#8220; global_colors_info=&#8220;{}&#8220;]<\/p>\n<h2>Lebenslauf<\/h2>\n<ul>\n<li>2025 Mitglied der Besuchskommission Berlin<\/li>\n<li>2024 Abschluss des Fachanwaltslehrgangs Strafrecht <em>bei ArberSeminare<\/em><\/li>\n<li>2024 Aufnahme auf die Opferanwaltsliste des Weissen Rings<em><\/em><\/li>\n<li>2020 Gr\u00fcndung von KANZLEI SCHILLMANN<\/li>\n<li>2021 Erhalt des Titels &#8222;Fachanw\u00e4ltin f\u00fcr Medizinrecht&#8220;<\/li>\n<li>2019 &#8211; 2020 Rechtsanw\u00e4ltin in einer medizinrechtlich ausgerichteten Kanzlei \u2013 <em>Arzthaftungsrecht<\/em><\/li>\n<li>2018 Zulassung zur Rechtsanwaltschaft<\/li>\n<li>2016 \u2013 2018 Referendarin am Oberlandesgericht Brandenburg:\n<ul>\n<li>Mitarbeiterin in einer medizinrechtlich ausgerichteten Kanzlei \u2013 <em>Arzthaftungsrecht<\/em><\/li>\n<li>Mitarbeiterin in der Psychotherapeutenkammer Berlin<\/li>\n<li>Mitarbeiterin bei der Staatsanwaltschaft Potsdam<\/li>\n<li>Mitarbeiterin am Landgericht Potsdam in der 12 Zivilkammer<\/li>\n<\/ul>\n<\/li>\n<\/ul>\n<p>2015 \u2013 2018 Studium \u201eMaster of Law\u201c an der Fernuniversit\u00e4t Hagen<\/p>\n<p>2015 \u2013 2016 Abschluss des Fachanwaltslehrgang Medizinrecht <em>bei ArberSeminare<\/em><\/p>\n<p>2009 \u2013 2015 Studium der Rechtswissenschaften an der Universit\u00e4t Potsdam <em>mit dem Schwerpunkt auf das Wirtschafts- Steuer und Umweltstrafrecht<\/em><\/p>\n<p>[\/et_pb_text][\/et_pb_column][\/et_pb_row][\/et_pb_section]<\/p>\n","protected":false},"excerpt":{"rendered":"<p>Christa Luise Schillmann Fachanw\u00e4ltin f\u00fcr Medizinrecht &amp; Rechtsanw\u00e4ltin f\u00fcr Strafrecht &nbsp;Frau Rechtsanw\u00e4ltin Christa Luise Schillmann ist Fachanw\u00e4ltin f\u00fcr Medizinrecht und seit vielen Jahren schwerpunktm\u00e4\u00dfig in der Opfervertretung sowie im Schmerzensgeldrecht t\u00e4tig. Sie ber\u00e4t und vertritt Mandantinnen und Mandanten, die durch Straftaten oder Unf\u00e4lle k\u00f6rperliche oder psychische Sch\u00e4den erlitten haben, engagiert, empathisch und mit hoher fachlicher [&hellip;]<\/p>\n","protected":false},"author":4,"featured_media":0,"parent":437,"menu_order":0,"comment_status":"closed","ping_status":"closed","template":"","meta":{"_acf_changed":false,"_et_pb_use_builder":"on","_et_pb_old_content":"<p><strong>Team Seite von Christa Schillmann<\/strong><\/p>","_et_gb_content_width":"","iawp_total_views":100,"footnotes":""},"class_list":["post-439","page","type-page","status-publish","hentry"],"acf":[],"_links":{"self":[{"href":"https:\/\/kanzlei-schillmann.de\/index.php\/wp-json\/wp\/v2\/pages\/439","targetHints":{"allow":["GET"]}}],"collection":[{"href":"https:\/\/kanzlei-schillmann.de\/index.php\/wp-json\/wp\/v2\/pages"}],"about":[{"href":"https:\/\/kanzlei-schillmann.de\/index.php\/wp-json\/wp\/v2\/types\/page"}],"author":[{"embeddable":true,"href":"https:\/\/kanzlei-schillmann.de\/index.php\/wp-json\/wp\/v2\/users\/4"}],"replies":[{"embeddable":true,"href":"https:\/\/kanzlei-schillmann.de\/index.php\/wp-json\/wp\/v2\/comments?post=439"}],"version-history":[{"count":16,"href":"https:\/\/kanzlei-schillmann.de\/index.php\/wp-json\/wp\/v2\/pages\/439\/revisions"}],"predecessor-version":[{"id":2065,"href":"https:\/\/kanzlei-schillmann.de\/index.php\/wp-json\/wp\/v2\/pages\/439\/revisions\/2065"}],"up":[{"embeddable":true,"href":"https:\/\/kanzlei-schillmann.de\/index.php\/wp-json\/wp\/v2\/pages\/437"}],"wp:attachment":[{"href":"https:\/\/kanzlei-schillmann.de\/index.php\/wp-json\/wp\/v2\/media?parent=439"}],"curies":[{"name":"wp","href":"https:\/\/api.w.org\/{rel}","templated":true}]}}