{"id":445,"date":"2021-05-03T20:34:05","date_gmt":"2021-05-03T18:34:05","guid":{"rendered":"https:\/\/staging.advokat36.de\/?page_id=445"},"modified":"2024-01-24T21:56:31","modified_gmt":"2024-01-24T20:56:31","slug":"kontakt","status":"publish","type":"page","link":"https:\/\/kanzlei-schillmann.de\/index.php\/kontakt\/","title":{"rendered":"Kontakt"},"content":{"rendered":"<p>[et_pb_section fb_built=&#8220;1&#8243; admin_label=&#8220;Section&#8220; _builder_version=&#8220;4.16&#8243; _module_preset=&#8220;default&#8220; custom_padding=&#8220;0px|||||&#8220; collapsed=&#8220;off&#8220; global_colors_info=&#8220;{}&#8220;][et_pb_row _builder_version=&#8220;4.16&#8243; _module_preset=&#8220;default&#8220; custom_padding=&#8220;||2px|||&#8220; global_colors_info=&#8220;{}&#8220;][et_pb_column type=&#8220;4_4&#8243; _builder_version=&#8220;4.16&#8243; _module_preset=&#8220;default&#8220; global_colors_info=&#8220;{}&#8220;][et_pb_post_title meta=&#8220;off&#8220; featured_image=&#8220;off&#8220; _builder_version=&#8220;4.16&#8243; _module_preset=&#8220;default&#8220; custom_margin=&#8220;1px||3px||false|&#8220; global_colors_info=&#8220;{}&#8220;][\/et_pb_post_title][et_pb_text admin_label=&#8220;Intro Text&#8220; _builder_version=&#8220;4.23.1&#8243; _module_preset=&#8220;default&#8220; global_colors_info=&#8220;{}&#8220;]<\/p>\n<p>Nehmen Sie unkompliziert Kontakt mit uns auf. Rufen Sie uns an oder nutzen Sie einen der anderen bereitgestellten Kommunikationswege.<\/p>\n<p>[\/et_pb_text][\/et_pb_column][\/et_pb_row][et_pb_row column_structure=&#8220;1_2,1_2&#8243; _builder_version=&#8220;4.16&#8243; _module_preset=&#8220;default&#8220; global_colors_info=&#8220;{}&#8220;][et_pb_column type=&#8220;1_2&#8243; _builder_version=&#8220;4.16&#8243; _module_preset=&#8220;default&#8220; global_colors_info=&#8220;{}&#8220;][et_pb_contact_form use_spam_service=&#8220;on&#8220; recaptcha_list=&#8220;Default|Default-0&#8243; email=&#8220;mail@kanzlei-schillmann.de&#8220; title=&#8220;Ihre Nachricht an uns&#8220; custom_message=&#8220;Eine neue Anfrage \u00fcber das Kontaktformular von advokat36.de!||et_pb_line_break_holder||||et_pb_line_break_holder||Name: %%name%%||et_pb_line_break_holder||E-Mail: %%email%%||et_pb_line_break_holder||||et_pb_line_break_holder||Nachricht: %%message%%&#8220; success_message=&#8220;Ihre Nachricht wurde erfolgreich \u00fcbermittelt! Vielen Dank f\u00fcr Ihre Anfrage.&#8220; submit_button_text=&#8220;Abschicken&#8220; _builder_version=&#8220;4.19.5&#8243; _module_preset=&#8220;default&#8220; _unique_id=&#8220;eed57cf3-716d-4ab4-981b-a3629ae64872&#8243; title_level=&#8220;h2&#8243; title_font=&#8220;||||||||&#8220; custom_button=&#8220;on&#8220; button_text_color=&#8220;#D93C45&#8243; button_use_icon=&#8220;off&#8220; global_colors_info=&#8220;{}&#8220;][et_pb_contact_field field_id=&#8220;Name&#8220; field_title=&#8220;Name&#8220; min_length=&#8220;2&#8243; _builder_version=&#8220;4.16&#8243; global_colors_info=&#8220;{}&#8220; button_text_size__hover_enabled=&#8220;off&#8220; button_one_text_size__hover_enabled=&#8220;off&#8220; button_two_text_size__hover_enabled=&#8220;off&#8220; button_text_color__hover_enabled=&#8220;off&#8220; button_one_text_color__hover_enabled=&#8220;off&#8220; button_two_text_color__hover_enabled=&#8220;off&#8220; button_border_width__hover_enabled=&#8220;off&#8220; button_one_border_width__hover_enabled=&#8220;off&#8220; button_two_border_width__hover_enabled=&#8220;off&#8220; button_border_color__hover_enabled=&#8220;off&#8220; button_one_border_color__hover_enabled=&#8220;off&#8220; button_two_border_color__hover_enabled=&#8220;off&#8220; button_border_radius__hover_enabled=&#8220;off&#8220; button_one_border_radius__hover_enabled=&#8220;off&#8220; button_two_border_radius__hover_enabled=&#8220;off&#8220; button_letter_spacing__hover_enabled=&#8220;off&#8220; button_one_letter_spacing__hover_enabled=&#8220;off&#8220; button_two_letter_spacing__hover_enabled=&#8220;off&#8220; button_bg_color__hover_enabled=&#8220;off&#8220; button_one_bg_color__hover_enabled=&#8220;off&#8220; button_two_bg_color__hover_enabled=&#8220;off&#8220;][\/et_pb_contact_field][et_pb_contact_field field_id=&#8220;Email&#8220; field_title=&#8220;Email Adresse&#8220; field_type=&#8220;email&#8220; _builder_version=&#8220;4.19.5&#8243; global_colors_info=&#8220;{}&#8220; button_text_size__hover_enabled=&#8220;off&#8220; button_one_text_size__hover_enabled=&#8220;off&#8220; button_two_text_size__hover_enabled=&#8220;off&#8220; button_text_color__hover_enabled=&#8220;off&#8220; button_one_text_color__hover_enabled=&#8220;off&#8220; button_two_text_color__hover_enabled=&#8220;off&#8220; button_border_width__hover_enabled=&#8220;off&#8220; button_one_border_width__hover_enabled=&#8220;off&#8220; button_two_border_width__hover_enabled=&#8220;off&#8220; button_border_color__hover_enabled=&#8220;off&#8220; button_one_border_color__hover_enabled=&#8220;off&#8220; button_two_border_color__hover_enabled=&#8220;off&#8220; button_border_radius__hover_enabled=&#8220;off&#8220; button_one_border_radius__hover_enabled=&#8220;off&#8220; button_two_border_radius__hover_enabled=&#8220;off&#8220; button_letter_spacing__hover_enabled=&#8220;off&#8220; button_one_letter_spacing__hover_enabled=&#8220;off&#8220; button_two_letter_spacing__hover_enabled=&#8220;off&#8220; button_bg_color__hover_enabled=&#8220;off&#8220; button_one_bg_color__hover_enabled=&#8220;off&#8220; button_two_bg_color__hover_enabled=&#8220;off&#8220;][\/et_pb_contact_field][et_pb_contact_field field_id=&#8220;Message&#8220; field_title=&#8220;Ihre Nachricht&#8220; field_type=&#8220;text&#8220; fullwidth_field=&#8220;on&#8220; _builder_version=&#8220;4.16&#8243; global_colors_info=&#8220;{}&#8220; button_text_size__hover_enabled=&#8220;off&#8220; button_one_text_size__hover_enabled=&#8220;off&#8220; button_two_text_size__hover_enabled=&#8220;off&#8220; button_text_color__hover_enabled=&#8220;off&#8220; button_one_text_color__hover_enabled=&#8220;off&#8220; button_two_text_color__hover_enabled=&#8220;off&#8220; button_border_width__hover_enabled=&#8220;off&#8220; button_one_border_width__hover_enabled=&#8220;off&#8220; button_two_border_width__hover_enabled=&#8220;off&#8220; button_border_color__hover_enabled=&#8220;off&#8220; button_one_border_color__hover_enabled=&#8220;off&#8220; button_two_border_color__hover_enabled=&#8220;off&#8220; button_border_radius__hover_enabled=&#8220;off&#8220; button_one_border_radius__hover_enabled=&#8220;off&#8220; button_two_border_radius__hover_enabled=&#8220;off&#8220; button_letter_spacing__hover_enabled=&#8220;off&#8220; button_one_letter_spacing__hover_enabled=&#8220;off&#8220; button_two_letter_spacing__hover_enabled=&#8220;off&#8220; button_bg_color__hover_enabled=&#8220;off&#8220; button_one_bg_color__hover_enabled=&#8220;off&#8220; button_two_bg_color__hover_enabled=&#8220;off&#8220;][\/et_pb_contact_field][\/et_pb_contact_form][\/et_pb_column][et_pb_column type=&#8220;1_2&#8243; _builder_version=&#8220;4.16&#8243; _module_preset=&#8220;default&#8220; global_colors_info=&#8220;{}&#8220;][et_pb_text quote_border_weight=&#8220;2px&#8220; quote_border_color=&#8220;#D93C45&#8243; admin_label=&#8220;Kontakt&#8220; _builder_version=&#8220;4.23.1&#8243; _module_preset=&#8220;default&#8220; quote_font=&#8220;||on||||||&#8220; quote_font_size=&#8220;18px&#8220; custom_margin=&#8220;|||17px||&#8220; global_colors_info=&#8220;{}&#8220;]<\/p>\n<h2>Kontaktm\u00f6glichkeiten<\/h2>\n<p>KANZLEI SCHILLMANN<br \/>Kluckstra\u00dfe 36; 10785 Berlin<\/p>\n<p>&nbsp;<\/p>\n<p>E-Mail: <a href=\"mailto:mail@kanzlei-schillmann.de\">mail@kanzlei-schillmann.de<\/a><br \/>Telefon: <a href=\"phone:+493091556674\">030 91 55 66 74<\/a><\/p>\n<p>[\/et_pb_text][\/et_pb_column][\/et_pb_row][et_pb_row column_structure=&#8220;1_2,1_2&#8243; admin_label=&#8220;Map &#038; BVG&#8220; _builder_version=&#8220;4.16&#8243; _module_preset=&#8220;default&#8220; custom_margin=&#8220;-40px|auto||auto||&#8220; global_colors_info=&#8220;{}&#8220;][et_pb_column type=&#8220;1_2&#8243; _builder_version=&#8220;4.16&#8243; _module_preset=&#8220;default&#8220; global_colors_info=&#8220;{}&#8220;][et_pb_text _builder_version=&#8220;4.16&#8243; _module_preset=&#8220;default&#8220; global_colors_info=&#8220;{}&#8220;]<\/p>\n<h2>Standort<\/h2>\n<p>[\/et_pb_text][et_pb_map address=&#8220;Kluckstra\u00dfe 36, 10785 Berlin, Deutschland&#8220; zoom_level=&#8220;17&#8243; address_lat=&#8220;52.50234350487&#8243; address_lng=&#8220;13.361297476196&#8243; _builder_version=&#8220;4.24.0&#8243; _module_preset=&#8220;default&#8220; hover_enabled=&#8220;0&#8243; global_colors_info=&#8220;{}&#8220; sticky_enabled=&#8220;0&#8243;][et_pb_map_pin title=&#8220;Kanzlei Schillmann&#8220; pin_address=&#8220;Kluckstra\u00dfe 36, 10785 Berlin, Deutschland&#8220; pin_address_lat=&#8220;52.502448&#8243; pin_address_lng=&#8220;13.360525&#8243; _builder_version=&#8220;4.24.0&#8243; _module_preset=&#8220;default&#8220; global_colors_info=&#8220;{}&#8220; hover_enabled=&#8220;0&#8243; sticky_enabled=&#8220;0&#8243; zoom_level=&#8220;16&#8243;]<\/p>\n<p>Erreichbar \u00fcber Kurf\u00fcrstenstra\u00dfe U3\/U1<\/p>\n<p>[\/et_pb_map_pin][\/et_pb_map][\/et_pb_column][et_pb_column type=&#8220;1_2&#8243; _builder_version=&#8220;4.16&#8243; _module_preset=&#8220;default&#8220; global_colors_info=&#8220;{}&#8220;][et_pb_text _builder_version=&#8220;4.16&#8243; _module_preset=&#8220;default&#8220; width=&#8220;98.6%&#8220; custom_margin=&#8220;|||19px||&#8220; global_colors_info=&#8220;{}&#8220;]<\/p>\n<h2>Anfahrt planen<\/h2>\n<p>[\/et_pb_text][et_pb_code admin_label=&#8220;VBB&#8220; _builder_version=&#8220;4.24.0&#8243; _module_preset=&#8220;default&#8220; hover_enabled=&#8220;0&#8243; global_colors_info=&#8220;{}&#8220; sticky_enabled=&#8220;0&#8243;] <script src=\"https:\/\/fahrinfo.vbb.de\/webapp\/staticfiles\/hafas-widget-core.1.0.0.js?language=de_DE\"><\/script><!-- [et_pb_line_break_holder] --><!-- [et_pb_line_break_holder] --><\/p>\n<div data-hfs-widget=\"true\" data-hfs-widget-tp=\"true\" data-hfs-widget-tp-displaymode=\"query\" data-hfs-widget-tp-autosearch=\"true\" data-hfs-widget-tp-arr=\"Kluckstra\u00dfe 36 10785 Berlin\" data-hfs-widget-tp-postform=\"newtab\"><\/div>\n<p><!-- [et_pb_line_break_holder] --><!-- [et_pb_line_break_holder] -->[\/et_pb_code][\/et_pb_column][\/et_pb_row][\/et_pb_section]<\/p>\n","protected":false},"excerpt":{"rendered":"<p>Nehmen Sie unkompliziert Kontakt mit uns auf. Rufen Sie uns an oder nutzen Sie einen der anderen bereitgestellten Kommunikationswege.Kontaktm\u00f6glichkeiten KANZLEI SCHILLMANNKluckstra\u00dfe 36; 10785 Berlin &nbsp; E-Mail: mail@kanzlei-schillmann.deTelefon: 030 91 55 66 74StandortErreichbar \u00fcber Kurf\u00fcrstenstra\u00dfe U3\/U1Anfahrt planen<\/p>\n","protected":false},"author":4,"featured_media":0,"parent":0,"menu_order":0,"comment_status":"closed","ping_status":"closed","template":"","meta":{"_acf_changed":false,"_et_pb_use_builder":"on","_et_pb_old_content":"<p><strong>Dies ist die Kontaktseite von Advokat36.de<\/strong><\/p>","_et_gb_content_width":"","iawp_total_views":120,"footnotes":""},"class_list":["post-445","page","type-page","status-publish","hentry"],"acf":[],"_links":{"self":[{"href":"https:\/\/kanzlei-schillmann.de\/index.php\/wp-json\/wp\/v2\/pages\/445","targetHints":{"allow":["GET"]}}],"collection":[{"href":"https:\/\/kanzlei-schillmann.de\/index.php\/wp-json\/wp\/v2\/pages"}],"about":[{"href":"https:\/\/kanzlei-schillmann.de\/index.php\/wp-json\/wp\/v2\/types\/page"}],"author":[{"embeddable":true,"href":"https:\/\/kanzlei-schillmann.de\/index.php\/wp-json\/wp\/v2\/users\/4"}],"replies":[{"embeddable":true,"href":"https:\/\/kanzlei-schillmann.de\/index.php\/wp-json\/wp\/v2\/comments?post=445"}],"version-history":[{"count":38,"href":"https:\/\/kanzlei-schillmann.de\/index.php\/wp-json\/wp\/v2\/pages\/445\/revisions"}],"predecessor-version":[{"id":1839,"href":"https:\/\/kanzlei-schillmann.de\/index.php\/wp-json\/wp\/v2\/pages\/445\/revisions\/1839"}],"wp:attachment":[{"href":"https:\/\/kanzlei-schillmann.de\/index.php\/wp-json\/wp\/v2\/media?parent=445"}],"curies":[{"name":"wp","href":"https:\/\/api.w.org\/{rel}","templated":true}]}}