{"id":449,"date":"2021-05-03T20:35:14","date_gmt":"2021-05-03T18:35:14","guid":{"rendered":"https:\/\/staging.advokat36.de\/?page_id=449"},"modified":"2021-09-27T11:36:07","modified_gmt":"2021-09-27T09:36:07","slug":"datenschutz","status":"publish","type":"page","link":"https:\/\/kanzlei-schillmann.de\/index.php\/datenschutz\/","title":{"rendered":"Datenschutzerkl\u00e4rung und Cookies"},"content":{"rendered":"<h2><strong>Datenschutzerkl\u00e4rung<\/strong><\/h2>\n<p>In dieser Datenschutzerkl\u00e4rung wird beschrieben, wie Ihre \u201epersonenbezogene Daten\u201c durch Advokat36 erhoben und genutzt werden, die Sie uns im Rahmen der pers\u00f6nlichen Auskunft oder Rechtsberatung zur Verf\u00fcgung stellen oder die wir durch Ihren Besuch auf unserer Website erlangen.<\/p>\n<p>Zudem informieren wir Sie dar\u00fcber, unter welchen Umst\u00e4nden oder Voraussetzungen wir ihre personenbezogenen Daten an Dritte \u00fcbermitteln und welche Rechte Ihnen im Rahmen der Erhebung und Nutzung dieser Daten durch uns oder Dritte zustehen.<\/p>\n<h3><strong>I. Verantwortlicher<\/strong><\/h3>\n<p>F\u00fcr die Verarbeitung der personenbezogenen Daten sind die Partner der Kanzlei verantwortlich. Kontaktdaten:<\/p>\n<p><strong>Advokat36, Schillmann &amp; Konovalika Rechtsanw\u00e4lte, PartG,<br \/>\n<\/strong><strong>Hermannstra\u00dfe 229, 12049 Berlin<\/strong><\/p>\n<p><strong>Telefonnr.: 030\/ 91556674<\/strong><\/p>\n<p><strong>Email: mail@advokat36.de<\/strong><\/p>\n<h3><strong>II. Datenschutzbeauftragter<\/strong><\/h3>\n<p>Unsere Datenschutzbeauftragte ist f\u00fcr Sie unter nachfolgenden Kontaktdaten erreichbar:<\/p>\n<p><strong>Advokat36, \u2013 Datenschutzbeauftragte Darja Konovalika -,<\/strong><\/p>\n<p><strong>Hermannstra\u00dfe 229, 12049 Berlin;<\/strong><\/p>\n<p><strong>Telefon: 0177\/6550088;<\/strong><\/p>\n<p><strong>E-Mail:\u00a0<\/strong><a href=\"mailto:darjakonovalika@gmx.de\"><strong>darjakonovalika@gmx.de<\/strong><\/a><\/p>\n<h3><strong>III. Personenbezogene Daten<\/strong><\/h3>\n<p>Gem\u00e4\u00df Art. 4 Nummer 1 DSGVO sind personenbezogene Daten alle Informationen, die sich auf eine identifizierte oder identifizierbare nat\u00fcrliche Person beziehen. Als identifizierbar wird eine nat\u00fcrliche Person angesehen, die direkt oder indirekt, insbesondere mittels Zuordnung zu einer Kennung wie einem Namen, zu einer Kennnummer, zu Standortdaten, zu einer Online-Kennung oder zu einem oder mehreren besonderen Merkmalen identifiziert werden kann, die Ausdruck der physischen, physiologischen, genetischen, psychischen, wirtschaftlichen, kulturellen oder sozialen Identit\u00e4t dieser nat\u00fcrlichen Person sind.<\/p>\n<p>Hierzu geh\u00f6ren beispielsweise: Name, E-Mail Adresse, Anschrift privat\/gesch\u00e4ftlich, Festnetznummer oder Handynummer (privat und\/oder gesch\u00e4ftlich), Staatsangeh\u00f6rigkeit, politische Meinung, ethnische Herkunft, Familienstand, religi\u00f6se \u00dcberzeugung oder Beruf.<\/p>\n<h3><strong>IV. Datenerhebung oder -Nutzung beim Webseitenaufruf<\/strong><\/h3>\n<p>Bei der Nutzung unserer Website zu Informationszwecken (wenn Sie keine Daten eingeben), dann erfolgt durch uns nur die Verarbeitung solcher Daten, die zur Anzeige der Website auf Ihrem Ger\u00e4t erforderlich sind:<\/p>\n<ul>\n<li>IP-Adresse<\/li>\n<li>Datum und Uhrzeit der Anfrage<\/li>\n<li>jeweils \u00fcbertragene Datenmenge<\/li>\n<li>die Website, von der die Anforderung kommt<\/li>\n<li>Browsertyp und Browserversion<\/li>\n<li>Betriebssystem<\/li>\n<\/ul>\n<p>Gem\u00e4\u00df Art. 6 Abs. 1 UAbs. 1 Buchstabe f) DSGVO verfolgen wir mit dieser Verarbeitung der Daten ein berechtigtes Interesse, da wir dadurch die Darstellung der Website grunds\u00e4tzlich erm\u00f6glichen.<\/p>\n<h3><strong>V. Datenerhebung oder -Nutzung bei weiteren Leistungen auf unserer Website<\/strong><\/h3>\n<p>\u00dcber die unter Punkt IV genannten Daten werden zudem weitere Daten gesammelt, sofern Sie ein Kontaktformular ausf\u00fcllen, eine Bewerbung an uns richten oder sich zu einer unseren Veranstaltung anmelden.<\/p>\n<p>Nutzung des Kontaktformulars: hier werden zumindest ihr Name und ihre Email-Adresse an uns weitergeleitet.<\/p>\n<p>Bewerbung: durch ihre Bewerbung erhalten wir insbesondere Informationen \u00fcber ihre Anschrift, Telefonnummer und berufliche T\u00e4tigkeiten (also alle Daten, die Sie in ihrem Lebenslauf und Anschreiben angeben).<\/p>\n<p>Anmeldung zur Veranstaltung: hier werden uns Daten wie Name, Anschrift, Telefonnummer und Email zug\u00e4nglich gemacht.<\/p>\n<h3><strong>VI. Nutzung ihrer Daten zu Gesch\u00e4ftszwecken<\/strong><\/h3>\n<p>Unsere Kanzlei nutzt Ihre personenbezogenen Daten um einen reibungslosen und effizienten Gesch\u00e4ftsbetrieb zu gew\u00e4hrleisten. Die Nutzung durch uns erfolgt insbesondere in folgenden F\u00e4llen:<\/p>\n<ul>\n<li>Aufnahme und Aufrechterhaltung der Kommunikation mit Ihnen,<\/li>\n<li>Abwicklung von Mandatsauftr\u00e4gen,<\/li>\n<li>Mitteilungen \u00fcber \u00c4nderungen unserer Leistungen und Kontaktdaten,<\/li>\n<li>Als Nachweis im Falle eines Rechtsstreits zwischen Ihnen und uns,<\/li>\n<li>Aufbewahrung und Speicherung der Akten,<\/li>\n<li>interner Gesch\u00e4ftsbericht.<\/li>\n<\/ul>\n<h3><strong>VII. Weitergabe ihrer Daten an Dritte<\/strong><\/h3>\n<p>Die Weitergabe Ihrer personenbezogenen Daten erfolgt in nachfolgend aufgez\u00e4hlten F\u00e4llen:<\/p>\n<ul>\n<li>an unsere Wirtschaftspr\u00fcfer oder Steuerberater<\/li>\n<li>an sonstige Dritte, wenn uns eine Rechtspflicht zur Weitergabe ihrer Daten trifft, insbesondere eine Anordnung des Gerichts oder einer Beh\u00f6rde,<\/li>\n<li>an Finanzbeh\u00f6rden im Rahmen der Erstellung unsere Steuererkl\u00e4rungen,<\/li>\n<li>an Finanzinstitute bei der Rechnungsstellung und Zahlung.<\/li>\n<\/ul>\n<h3><strong>VIII. Datensicherheit und Vertraulichkeit<\/strong><\/h3>\n<p>In unserer Kanzlei haben wir die erforderlichen organisatorischen und technischen Ma\u00dfnahmen in den Gesch\u00e4ftsbetrieb implementiert, um den Schutz Ihrer personenbezogenen Daten zu gew\u00e4hrleisten. Insbesondere ist der Zugang zu ihren personenbezogenen Daten nur auf unser Personal und von uns beauftragte IT-Dienstleister beschr\u00e4nkt. Die Datenspeicherung auf unseren Computern wird verschl\u00fcsselt. Wir \u00fcberpr\u00fcfen auch in regelm\u00e4\u00dfigen Abst\u00e4nden, ob unsere Systeme sicher und gesch\u00fctzt sind.<\/p>\n<p>Wir behandeln Ihre personenbezogenen Daten vertraulich. Diese werden von uns nicht an Dritte verkauft, verteilt oder zu anderen kommerziellen Zwecken zur Verf\u00fcgung gestellt. Die Vertraulichkeit Ihrer Daten wird gem\u00e4\u00df der geltenden Gesetze gew\u00e4hrleistet.<\/p>\n<h3><strong>IX. Dauer der Datenspeicherung<\/strong><\/h3>\n<p>Grunds\u00e4tzlich werden Ihre personenbezogenen Daten von uns gel\u00f6scht, wenn der etwaige Verarbeitungszweck entf\u00e4llt.<\/p>\n<p>Bei Verwendung der Website zu Informationszwecken erfolgt die L\u00f6schung mit der Beendigung der Sitzung. Wenn Sie unser Kontaktformular verwendet haben, werden ihre Daten nach der Erledigung der von Ihnen gestellten Anfrage gel\u00f6scht. Machen Sie uns Ihre personenbezogenen Daten im Email-Verkehr zug\u00e4nglich, werden diese solange von uns gespeichert, bis der betreffende Sachverhalt abschlie\u00dfend gekl\u00e4rt ist.<\/p>\n<p>Im \u00dcbrigen bestimmt sich die Dauer f\u00fcr die Speicherung nach uns treffenden Rechtspflichten gem\u00e4\u00df geltendem Recht sowie von zust\u00e4ndigen Datenschutzbeh\u00f6rden aufgestellten Richtlinien.<\/p>\n<h3><strong>X. Ihre Rechte gem\u00e4\u00df der DSGVO<\/strong><\/h3>\n<p>Gem\u00e4\u00df der DSGVO k\u00f6nnen Sie uns gegen\u00fcber folgende Rechte geltend machen:<\/p>\n<p><strong>Auskunftsrecht gem\u00e4\u00df Art. 15 DSGVO:<\/strong><\/p>\n<p>In der Regel haben Sie das Recht, von uns eine Kopie der von uns \u00fcber Sie erhobenen und gespeicherten personenbezogenen Daten zu verlangen. Wie weit unsere Informationsverpflichtung geht, k\u00f6nnen Sie dem Art. 15 DSGVO entnehmen.<\/p>\n<p><strong>Recht auf Berichtigung gem\u00e4\u00df Art.16 DSGVO:<\/strong><\/p>\n<p>Im Falle der Speicherung unrichtiger oder unvollst\u00e4ndiger Daten, k\u00f6nnen Sie von uns eine unverz\u00fcgliche Berichtigung verlangen.<\/p>\n<p><strong>L\u00f6schung der Daten gem\u00e4\u00df Art. 17 DSGVO:<\/strong><\/p>\n<p>Sie k\u00f6nnen von uns die L\u00f6schung ihrer personenbezogenen Daten verlangen. Wir m\u00fcssen diese l\u00f6schen, wenn einer der in Art. 17 DSGVO aufgez\u00e4hlten L\u00f6schungsgr\u00fcnde in ihrem Fall zutrifft.<\/p>\n<p><strong>Einschr\u00e4nkung der Verarbeitung gem\u00e4\u00df Art. 18 DSGVO:<\/strong><\/p>\n<p>Sie k\u00f6nnen die Verarbeitung ihrer Daten blockieren, wenn Sie glauben, dass solche Daten ungenau sind, unsere Verarbeitung rechtswidrig ist oder wir die Daten f\u00fcr keinen bestimmten Zweck mehr ben\u00f6tigen, jedoch aufgrund einer gesetzlichen Vorschrift zur L\u00f6schung nicht berechtigt sind.<\/p>\n<p><strong>Recht auf Daten\u00fcbertragung gem\u00e4\u00df Art. 20 DSGVO:<\/strong><\/p>\n<p>Ihnen steht es zu, von uns die \u00dcbermittlung Ihrer von uns gehaltenen personenbezogenen Daten einer anderen Person zu verlangen. Dies gilt jedoch nur in Art. 20 DSGVO aufgef\u00fchrten Tatbest\u00e4nden.<\/p>\n<p><strong>Widerspruchsrecht nach Art. 21 DSGVO:<\/strong><\/p>\n<p>Sie k\u00f6nnen ihre Einwilligung zur Verarbeitung ihrer Daten durch uns jederzeit aus Gr\u00fcnden, die sich aus ihrer besonderen Situation ergeben, widerrufen.<\/p>\n<p>Die Aufz\u00e4hlung ist nicht abschlie\u00dfend und enth\u00e4lt nicht die jeweiligen gesetzlichen Ausnahmen. Sie k\u00f6nnen ihre Rechte gem\u00e4\u00df der DSGVO direkt gegen\u00fcber dem Verantwortlichen in Punkt I oder der Datenschutzbeauftragten in Punkt II schriftlich geltend machen. Die Pr\u00fcfung ihres Antrags erfolgt innerhalb eines Monats ab Zugang f\u00fcr Sie kostenfrei. Kosten werden von uns nur dann erhoben, wenn ihr Anliegen offenkundig unbegr\u00fcndet ist. Werden von Ihnen zus\u00e4tzliche Kopien Ihrer personenbezogenen Daten verlangt, berechnen wir hierf\u00fcr angemessene Verwaltungskosten.<\/p>\n<h2><strong>Cookies<\/strong><\/h2>\n<p>Beim Besuch unserer Website werden Cookies eingesetzt und auf Ihrem Ger\u00e4t gespeichert. Bei den Cookies handelt es sich um kleine Dateien, die in Ihrem Browser, auf ihrem Endger\u00e4t oder auf der von Ihnen angezeigten Seite gespeichert werden. Diese k\u00f6nnen keine Programme ausf\u00fchren und auch keinen Schaden auf ihrem Ger\u00e4t durch Viren oder Trojaner anrichten. Wir erhalten jedoch durch den Einsatz von Cookies bestimmte Informationen \u00fcber Ihre Nutzungsmuster, bekommen jedoch keine unmittelbare Kenntnis von ihrer Identit\u00e4t.<\/p>\n<p>Cookies dienen dazu, das Internetangebot benutzerfreundlicher zu machen. Wir setzen \u201eSession-Cookies\u201c ein. Dadurch k\u00f6nnen wir erkennen, dass Sie einzelne Seiten auf unserer Website aufgerufen haben. Nach Verlassen unserer Seite werden diese wieder gel\u00f6scht. Zudem verwenden wir tempor\u00e4re Cookies, die f\u00fcr einen bestimmten Zeitraum auf Ihrem Ger\u00e4t gespeichert werden. Wenn Sie unsere Website erneut besuchen, werden ihre get\u00e4tigten Eingaben und Einstellungen automatisch erkannt und Sie m\u00fcssen diese nicht erneut eingeben.<\/p>\n<p>Durch den Einsatz von Cookies wird die Bedienung unserer Website an die speziellen Bed\u00fcrfnisse des jeweiligen Benutzers angepasst. Zudem werden wir durch die Auswertung des Nutzungsverhaltens in die Lage versetzt, unser Webangebot kontinuierlich zu optimieren.<\/p>\n<p>Die durch die Cookies verarbeitete Daten sind gem\u00e4\u00df Art.6 Abs. 1 lit. f DSGVO t f\u00fcr die aufgez\u00e4hlten Zwecke zur Wahrung der berechtigten Interessen unserer Kanzlei erforderlich, ohne dass Ihre Interessen oder Grundrechte und Grundfreiheiten, die den Schutz personenbezogener Daten erfordern, \u00fcberwiegen.<\/p>\n<p>Stand: September 2020<\/p>\n","protected":false},"excerpt":{"rendered":"<p>Datenschutzerkl\u00e4rung In dieser Datenschutzerkl\u00e4rung wird beschrieben, wie Ihre \u201epersonenbezogene Daten\u201c durch Advokat36 erhoben und genutzt werden, die Sie uns im Rahmen der pers\u00f6nlichen Auskunft oder Rechtsberatung zur Verf\u00fcgung stellen oder die wir durch Ihren Besuch auf unserer Website erlangen. Zudem informieren wir Sie dar\u00fcber, unter welchen Umst\u00e4nden oder Voraussetzungen wir ihre personenbezogenen Daten an Dritte [&hellip;]<\/p>\n","protected":false},"author":4,"featured_media":0,"parent":0,"menu_order":0,"comment_status":"closed","ping_status":"closed","template":"","meta":{"_acf_changed":false,"_et_pb_use_builder":"","_et_pb_old_content":"","_et_gb_content_width":"","iawp_total_views":12,"footnotes":""},"class_list":["post-449","page","type-page","status-publish","hentry"],"acf":[],"_links":{"self":[{"href":"https:\/\/kanzlei-schillmann.de\/index.php\/wp-json\/wp\/v2\/pages\/449","targetHints":{"allow":["GET"]}}],"collection":[{"href":"https:\/\/kanzlei-schillmann.de\/index.php\/wp-json\/wp\/v2\/pages"}],"about":[{"href":"https:\/\/kanzlei-schillmann.de\/index.php\/wp-json\/wp\/v2\/types\/page"}],"author":[{"embeddable":true,"href":"https:\/\/kanzlei-schillmann.de\/index.php\/wp-json\/wp\/v2\/users\/4"}],"replies":[{"embeddable":true,"href":"https:\/\/kanzlei-schillmann.de\/index.php\/wp-json\/wp\/v2\/comments?post=449"}],"version-history":[{"count":4,"href":"https:\/\/kanzlei-schillmann.de\/index.php\/wp-json\/wp\/v2\/pages\/449\/revisions"}],"predecessor-version":[{"id":1064,"href":"https:\/\/kanzlei-schillmann.de\/index.php\/wp-json\/wp\/v2\/pages\/449\/revisions\/1064"}],"wp:attachment":[{"href":"https:\/\/kanzlei-schillmann.de\/index.php\/wp-json\/wp\/v2\/media?parent=449"}],"curies":[{"name":"wp","href":"https:\/\/api.w.org\/{rel}","templated":true}]}}