{"id":622,"date":"2021-08-04T15:16:58","date_gmt":"2021-08-04T13:16:58","guid":{"rendered":"https:\/\/staging.advokat36.de\/?page_id=622"},"modified":"2026-02-05T11:21:12","modified_gmt":"2026-02-05T10:21:12","slug":"opfervertretung","status":"publish","type":"page","link":"https:\/\/kanzlei-schillmann.de\/index.php\/opfervertretung\/","title":{"rendered":"Opfervertretung"},"content":{"rendered":"<p>[et_pb_section fb_built=&#8220;1&#8243; fullwidth=&#8220;on&#8220; _builder_version=&#8220;4.16&#8243; _module_preset=&#8220;default&#8220; height=&#8220;201px&#8220; bottom_divider_style=&#8220;slant2&#8243; bottom_divider_color=&#8220;#FFFFFF&#8220; bottom_divider_height=&#8220;50px&#8220; bottom_divider_flip=&#8220;horizontal&#8220; global_colors_info=&#8220;{}&#8220;][et_pb_fullwidth_header title=&#8220;Opfervertretung &#8211; Strafrecht&#8220; _builder_version=&#8220;4.16&#8243; _module_preset=&#8220;default&#8220; title_font=&#8220;||||||||&#8220; title_font_size=&#8220;50px&#8220; background_image=&#8220;https:\/\/kanzlei-schillmann.de\/wp-content\/uploads\/2021\/08\/chain-link-690503_1920-1.jpg&#8220; background_blend=&#8220;overlay&#8220; custom_padding=&#8220;||55px|||&#8220; global_colors_info=&#8220;{}&#8220;][\/et_pb_fullwidth_header][\/et_pb_section][et_pb_section fb_built=&#8220;1&#8243; admin_label=&#8220;Content&#8220; _builder_version=&#8220;4.16&#8243; _module_preset=&#8220;default&#8220; background_color_gradient_direction=&#8220;90deg&#8220; custom_padding=&#8220;0px|||||&#8220; global_colors_info=&#8220;{}&#8220;][et_pb_row admin_label=&#8220;Ermittlungsverfahren&#8220; _builder_version=&#8220;4.16&#8243; _module_preset=&#8220;default&#8220; min_height=&#8220;100px&#8220; global_colors_info=&#8220;{}&#8220;][et_pb_column type=&#8220;4_4&#8243; _builder_version=&#8220;4.16&#8243; _module_preset=&#8220;default&#8220; global_colors_info=&#8220;{}&#8220;][et_pb_text quote_border_weight=&#8220;2px&#8220; quote_border_color=&#8220;#D93C45&#8243; _builder_version=&#8220;4.16&#8243; _module_preset=&#8220;default&#8220; quote_font=&#8220;||on||||||&#8220; quote_text_align=&#8220;left&#8220; quote_font_size=&#8220;18px&#8220; global_colors_info=&#8220;{}&#8220;]<\/p>\n<h2>Opfer einer Straftat<\/h2>\n<blockquote>\n<p>Ich bin Opfer einer Straftat geworden \u2013 <strong>was jetzt?<\/strong><\/p>\n<\/blockquote>\n<p data-start=\"466\" data-end=\"835\">Nach einer Gewalttat oder anderen Straftat f\u00fchlen sich viele Betroffene zun\u00e4chst hilflos und orientierungslos. H\u00e4ufig bestehen bereits k\u00f6rperliche oder psychische Folgen, gleichzeitig kommen Unsicherheit, Angst und viele offene Fragen hinzu:<br data-start=\"488\" data-end=\"491\" \/>Soll ich Anzeige erstatten? Die Polizei meldet sich auf meine Anzeige gar nicht zur\u00fcck; woran liegt das? Was passiert jetzt im Strafverfahren? Welche Rechte habe ich?\u00a0\u00a0<\/p>\n<p data-start=\"603\" data-end=\"977\">Als Opfer stehen Sie im Strafverfahren nicht schutzlos da. Bereits fr\u00fchzeitig kann anwaltliche Unterst\u00fctzung sinnvoll sein, um Ihre Rechte zu sichern, Sie zu entlasten und das Verfahren aktiv zu begleiten. Ich berate Sie zu Ihren rechtlichen M\u00f6glichkeiten, \u00fcbernehme die Kommunikation mit Polizei und Staatsanwaltschaft und stehe Ihnen als feste Ansprechpartnerin zur Seite.<\/p>\n<p data-start=\"979\" data-end=\"1392\">Ich vertrete seit mehreren Jahren die Interessen von Gesch\u00e4digten in Strafverfahren und bin auf Opfervertretung und Schmerzensgeld spezialisiert. Ziel meiner Arbeit ist es, Sie rechtlich zu sch\u00fctzen, Ihnen Struktur und Klarheit im Verfahren zu geben Ihre Position zu st\u00e4rken und Ihre Anspr\u00fcche konsequent durchzusetzen.<br data-start=\"1288\" data-end=\"1291\" \/>Wenn Sie unsicher sind, wie Sie sich jetzt verhalten sollen, nehmen Sie gerne fr\u00fchzeitig <a href=\"https:\/\/kanzlei-schillmann.de\/index.php\/kontakt\/\">Kontakt<\/a> auf.<\/p>\n<p>[\/et_pb_text][\/et_pb_column][\/et_pb_row][\/et_pb_section][et_pb_section fb_built=&#8220;1&#8243; admin_label=&#8220;Content&#8220; _builder_version=&#8220;4.16&#8243; _module_preset=&#8220;default&#8220; background_color_gradient_direction=&#8220;90deg&#8220; custom_padding=&#8220;0px|||||&#8220; global_colors_info=&#8220;{}&#8220;][et_pb_row admin_label=&#8220;Ermittlungsverfahren&#8220; _builder_version=&#8220;4.16&#8243; _module_preset=&#8220;default&#8220; min_height=&#8220;100px&#8220; global_colors_info=&#8220;{}&#8220;][et_pb_column type=&#8220;4_4&#8243; _builder_version=&#8220;4.16&#8243; _module_preset=&#8220;default&#8220; global_colors_info=&#8220;{}&#8220;][et_pb_text quote_border_weight=&#8220;2px&#8220; quote_border_color=&#8220;#D93C45&#8243; _builder_version=&#8220;4.16&#8243; _module_preset=&#8220;default&#8220; quote_font=&#8220;||on||||||&#8220; quote_text_align=&#8220;left&#8220; quote_font_size=&#8220;18px&#8220; global_colors_info=&#8220;{}&#8220;]<\/p>\n<h2>Nebenklage<\/h2>\n<blockquote>\n<p>Welche <em><strong>Stellung<\/strong><\/em> habe ich im Strafverfahren und wie kann ich <em><strong>auf das Urteil Einfluss nehmen?<\/strong><\/em><\/p>\n<\/blockquote>\n<p data-start=\"1272\" data-end=\"1554\">In bestimmten Verfahren haben Sie als Gesch\u00e4digte oder Gesch\u00e4digter das Recht, sich dem Strafverfahren als Nebenkl\u00e4gerin bzw. Nebenkl\u00e4ger anzuschlie\u00dfen. Dies betrifft insbesondere Delikte wie K\u00f6rperverletzung, Sexualstraftaten, Nachstellung (Stalking) oder versuchte T\u00f6tungsdelikte.<\/p>\n<p data-start=\"1556\" data-end=\"1869\">Die Nebenklage erm\u00f6glicht es Ihnen, nicht nur als Zeugin oder Zeuge aufzutreten, sondern eigene Verfahrensrechte wahrzunehmen. Dazu geh\u00f6ren unter anderem das Recht auf Akteneinsicht, die Anwesenheit in der Hauptverhandlung, Frage- und Antragsrechte sowie das Recht, auf den Gang des Verfahrens Einfluss zu nehmen.<\/p>\n<p data-start=\"1871\" data-end=\"2167\">Ich pr\u00fcfe f\u00fcr Sie, ob eine Nebenklage in Ihrem Fall m\u00f6glich und sinnvoll ist, erkl\u00e4re Ihnen den Ablauf und \u00fcbernehme \u2013 sofern gew\u00fcnscht \u2013 Ihre Vertretung im Strafverfahren. In geeigneten F\u00e4llen kann die Beiordnung als Nebenklagevertreterin erfolgen, sodass f\u00fcr Sie nur geringe eigenen Kosten entstehen.<\/p>\n<p>[\/et_pb_text][\/et_pb_column][\/et_pb_row][\/et_pb_section][et_pb_section fb_built=&#8220;1&#8243; _builder_version=&#8220;4.16&#8243; _module_preset=&#8220;default&#8220; background_color=&#8220;#F8F8F8&#8243; width=&#8220;100%&#8220; custom_padding=&#8220;63px||78px|||&#8220; top_divider_style=&#8220;slant2&#8243; top_divider_color=&#8220;#FFFFFF&#8220; top_divider_height=&#8220;72px&#8220; top_divider_flip=&#8220;horizontal&#8220; bottom_divider_style=&#8220;slant2&#8243; bottom_divider_color=&#8220;#FFFFFF&#8220; bottom_divider_height=&#8220;52px&#8220; bottom_divider_repeat=&#8220;0x&#8220; bottom_divider_flip=&#8220;horizontal&#8220; global_colors_info=&#8220;{}&#8220;][et_pb_row column_structure=&#8220;1_2,1_2&#8243; _builder_version=&#8220;4.16&#8243; _module_preset=&#8220;default&#8220; global_colors_info=&#8220;{}&#8220;][et_pb_column type=&#8220;1_2&#8243; _builder_version=&#8220;4.16&#8243; _module_preset=&#8220;default&#8220; global_colors_info=&#8220;{}&#8220;][et_pb_text _builder_version=&#8220;4.16&#8243; _module_preset=&#8220;default&#8220; text_text_color=&#8220;#000000&#8243; text_font_size=&#8220;17px&#8220; global_colors_info=&#8220;{}&#8220;]<\/p>\n<h2 style=\"text-align: center;\">Gerichtliche Verhandlung<\/h2>\n<p style=\"text-align: center;\">Die <em><strong>Hauptverhandlung<\/strong> <\/em>steht an \u2013 muss ich dort allein hin?<\/p>\n<p>[\/et_pb_text][\/et_pb_column][et_pb_column type=&#8220;1_2&#8243; _builder_version=&#8220;4.16&#8243; _module_preset=&#8220;default&#8220; global_colors_info=&#8220;{}&#8220;][et_pb_text _builder_version=&#8220;4.27.5&#8243; _module_preset=&#8220;default&#8220; text_text_color=&#8220;#000000&#8243; text_font_size=&#8220;16px&#8220; global_colors_info=&#8220;{}&#8220;]<\/p>\n<p data-start=\"3237\" data-end=\"3491\">Viele Betroffene empfinden die anstehende Hauptverhandlung als besonders belastend. Die Konfrontation mit dem T\u00e4ter oder der T\u00e4terin, die \u00f6ffentliche Verhandlung und die Unsicherheit \u00fcber den Ablauf stellen eine erhebliche psychische Herausforderung dar.<\/p>\n<p data-start=\"3493\" data-end=\"3784\">Auch wenn das Ermittlungsverfahren bereits abgeschlossen ist, stehe ich Ihnen weiterhin zur Seite. Ich bereite Sie auf die Hauptverhandlung vor, erkl\u00e4re Ihnen, was Sie erwartet, und vertrete Ihre Interessen als Nebenklagevertreterin vor Gericht. Sie m\u00fcssen diesen Schritt nicht allein gehen.<\/p>\n<p>[\/et_pb_text][\/et_pb_column][\/et_pb_row][\/et_pb_section][et_pb_section fb_built=&#8220;1&#8243; _builder_version=&#8220;4.16&#8243; _module_preset=&#8220;default&#8220; global_colors_info=&#8220;{}&#8220;][et_pb_row admin_label=&#8220;Strafbefehl&#8220; _builder_version=&#8220;4.16&#8243; _module_preset=&#8220;default&#8220; global_colors_info=&#8220;{}&#8220;][et_pb_column type=&#8220;4_4&#8243; _builder_version=&#8220;4.16&#8243; _module_preset=&#8220;default&#8220; global_colors_info=&#8220;{}&#8220;][et_pb_text quote_border_weight=&#8220;2px&#8220; quote_border_color=&#8220;#D93C45&#8243; admin_label=&#8220;Text&#8220; _builder_version=&#8220;4.16&#8243; _module_preset=&#8220;default&#8220; quote_font=&#8220;||on||||||&#8220; quote_text_align=&#8220;left&#8220; quote_font_size=&#8220;18px&#8220; global_colors_info=&#8220;{}&#8220;]<\/p>\n<h2 style=\"text-align: left;\">Schmerzensgeld und Schadensersatz<\/h2>\n<blockquote>\n<p style=\"text-align: left;\">Habe ich <em><strong>Anspruch<\/strong><\/em> auf <strong><em>Schmerzensgeld?<\/em><\/strong><\/p>\n<\/blockquote>\n<p data-start=\"2255\" data-end=\"2505\">Nach vielen Straftaten bestehen neben dem Strafverfahren auch Anspr\u00fcche auf Schmerzensgeld und Schadensersatz. Diese betreffen nicht nur k\u00f6rperliche Verletzungen, sondern auch psychische Beeintr\u00e4chtigungen, Folgesch\u00e4den und Einschr\u00e4nkungen im Alltag.<\/p>\n<p data-start=\"2507\" data-end=\"2943\">Als Fachanw\u00e4ltin f\u00fcr Medizinrecht bin ich auf die Durchsetzung von Schmerzensgeldanspr\u00fcchen spezialisiert. Ich wei\u00df, welche medizinischen Unterlagen entscheidend sind, wie Sch\u00e4den rechtlich korrekt aufbereitet werden und welche Faktoren f\u00fcr die H\u00f6he des Schmerzensgeldes ma\u00dfgeblich sind. Auch weitergehende Anspr\u00fcche \u2013 etwa wegen Verdienstausfalls, Haushaltsf\u00fchrungsschadens oder besch\u00e4digter Gegenst\u00e4nde \u2013 pr\u00fcfe ich f\u00fcr Sie sorgf\u00e4ltig.<\/p>\n<p data-start=\"2945\" data-end=\"3138\">Ich begleite Sie bei der Durchsetzung Ihrer Anspr\u00fcche entweder im Strafverfahren oder in einem gesonderten zivilrechtlichen Vorgehen und berate Sie realistisch zu Erfolgsaussichten und Risiken.<\/p>\n<p data-start=\"2945\" data-end=\"3138\">Hinweise, wie Sie bereits jetzt die Beweise f\u00fcr einen sp\u00e4teren Schmerzensgeldanspruch sichern, finden Sie <a href=\"https:\/\/www.anwalt.de\/rechtstipps\/beweissicherung-schmerzensgeld-222849.html\" target=\"_blank\" rel=\"noopener\">hier.<\/a><\/p>\n<p data-start=\"2945\" data-end=\"3138\">\n<p>[\/et_pb_text][\/et_pb_column][\/et_pb_row][\/et_pb_section][et_pb_section fb_built=&#8220;1&#8243; _builder_version=&#8220;4.16&#8243; _module_preset=&#8220;default&#8220; background_color=&#8220;#303032&#8243; background_enable_image=&#8220;off&#8220; background_size=&#8220;initial&#8220; background_position=&#8220;bottom_left&#8220; width=&#8220;100%&#8220; min_height=&#8220;450px&#8220; custom_padding=&#8220;49px||0px|||&#8220; top_divider_style=&#8220;slant2&#8243; top_divider_color=&#8220;#FFFFFF&#8220; top_divider_height=&#8220;72px&#8220; top_divider_flip=&#8220;horizontal&#8220; bottom_divider_style=&#8220;slant2&#8243; bottom_divider_color=&#8220;#FFFFFF&#8220; bottom_divider_repeat=&#8220;0x&#8220; bottom_divider_flip=&#8220;horizontal&#8220; background_last_edited=&#8220;off|desktop&#8220; background_image_phone=&#8220;https:\/\/kanzlei-schillmann.de\/wp-content\/uploads\/2020\/09\/christa_profile-e1600716655661.jpg&#8220; background_enable_image_phone=&#8220;on&#8220; background_size_phone=&#8220;cover&#8220; background_position_phone=&#8220;top_center&#8220; global_module=&#8220;1417&#8243; saved_tabs=&#8220;all&#8220; locked=&#8220;off&#8220; global_colors_info=&#8220;{}&#8220;][et_pb_row _builder_version=&#8220;4.16&#8243; _module_preset=&#8220;default&#8220; global_colors_info=&#8220;{}&#8220;][et_pb_column type=&#8220;4_4&#8243; _builder_version=&#8220;4.16&#8243; _module_preset=&#8220;default&#8220; global_colors_info=&#8220;{}&#8220;][et_pb_team_member name=&#8220;Rechtsanw\u00e4ltin Schillmann&#8220; image_url=&#8220;https:\/\/kanzlei-schillmann.de\/wp-content\/uploads\/2022\/02\/christa_quadrat.jpg&#8220; _builder_version=&#8220;4.19.5&#8243; _dynamic_attributes=&#8220;link_option_url&#8220; _module_preset=&#8220;default&#8220; header_level=&#8220;h1&#8243; header_text_color=&#8220;#d8d8c5&#8243; header_font_size=&#8220;46px&#8220; body_text_color=&#8220;#FFFFFF&#8220; body_font_size=&#8220;20px&#8220; position_text_color=&#8220;#FFFFFF&#8220; position_font_size=&#8220;30px&#8220; position_line_height=&#8220;2.3em&#8220; link_option_url=&#8220;@ET-DC@eyJkeW5hbWljIjp0cnVlLCJjb250ZW50IjoicG9zdF9saW5rX3VybF9wYWdlIiwic2V0dGluZ3MiOnsicG9zdF9pZCI6IjQzOSJ9fQ==@&#8220; border_radii_image=&#8220;on|208px|208px|208px|208px&#8220; box_shadow_style_image=&#8220;preset6&#8243; global_colors_info=&#8220;{}&#8220;]<\/p>\n<ul>\n<ul>\n<li>Telefon: <a href=\"tel:+493091556674\">030 91 55 66 74<\/a><\/li>\n<li>mail: <a href=\"mail:mail@kanzlei-schillmann.de\">mail@kanzlei-schillmann.de<\/a><\/li>\n<\/ul>\n<\/ul>\n<p>[\/et_pb_team_member][\/et_pb_column][\/et_pb_row][\/et_pb_section][et_pb_section fb_built=&#8220;1&#8243; _builder_version=&#8220;4.16&#8243; _module_preset=&#8220;default&#8220; global_colors_info=&#8220;{}&#8220;][et_pb_row admin_label=&#8220;Strafbefehl&#8220; _builder_version=&#8220;4.16&#8243; _module_preset=&#8220;default&#8220; global_colors_info=&#8220;{}&#8220;][et_pb_column type=&#8220;4_4&#8243; _builder_version=&#8220;4.16&#8243; _module_preset=&#8220;default&#8220; global_colors_info=&#8220;{}&#8220;][et_pb_text quote_border_weight=&#8220;2px&#8220; quote_border_color=&#8220;#D93C45&#8243; admin_label=&#8220;Text&#8220; _builder_version=&#8220;4.16&#8243; _module_preset=&#8220;default&#8220; quote_font=&#8220;||on||||||&#8220; quote_text_align=&#8220;left&#8220; quote_font_size=&#8220;18px&#8220; global_colors_info=&#8220;{}&#8220;]<\/p>\n<h2 style=\"text-align: left;\">Gewaltschutz<\/h2>\n<blockquote>\n<p style=\"text-align: left;\">Kann ich mich vor <em><strong>weiteren<\/strong> <strong>\u00dcbergriffen<\/strong> <\/em>sch\u00fctzen?<\/p>\n<\/blockquote>\n<p data-start=\"3862\" data-end=\"4168\">Neben dem Strafverfahren besteht h\u00e4ufig ein akuter Schutzbedarf. Das Gewaltschutzgesetz bietet die M\u00f6glichkeit, kurzfristig eine gerichtliche einstweilige Anordnung zu erwirken. Diese kann insbesondere ein Ann\u00e4herungs- und Kontaktverbot umfassen und dient dem unmittelbaren Schutz vor weiteren \u00dcbergriffen.<\/p>\n<p data-start=\"4170\" data-end=\"4420\">Ich pr\u00fcfe mit Ihnen, ob die Voraussetzungen f\u00fcr eine einstweilige Anordnung vorliegen, bereite den Antrag vor und begleite Sie durch das Verfahren. Gerade in F\u00e4llen h\u00e4uslicher Gewalt oder von Stalking ist dies oft ein zentraler und wirksamer Schritt.<\/p>\n<p>[\/et_pb_text][\/et_pb_column][\/et_pb_row][\/et_pb_section]<\/p>\n","protected":false},"excerpt":{"rendered":"<p>Opfer einer Straftat Ich bin Opfer einer Straftat geworden \u2013 was jetzt? Nach einer Gewalttat oder anderen Straftat f\u00fchlen sich viele Betroffene zun\u00e4chst hilflos und orientierungslos. H\u00e4ufig bestehen bereits k\u00f6rperliche oder psychische Folgen, gleichzeitig kommen Unsicherheit, Angst und viele offene Fragen hinzu:Soll ich Anzeige erstatten? Die Polizei meldet sich auf meine Anzeige gar nicht zur\u00fcck; [&hellip;]<\/p>\n","protected":false},"author":5,"featured_media":0,"parent":0,"menu_order":0,"comment_status":"closed","ping_status":"closed","template":"","meta":{"_acf_changed":false,"_et_pb_use_builder":"on","_et_pb_old_content":"","_et_gb_content_width":"","iawp_total_views":105,"footnotes":""},"class_list":["post-622","page","type-page","status-publish","hentry"],"acf":[],"_links":{"self":[{"href":"https:\/\/kanzlei-schillmann.de\/index.php\/wp-json\/wp\/v2\/pages\/622","targetHints":{"allow":["GET"]}}],"collection":[{"href":"https:\/\/kanzlei-schillmann.de\/index.php\/wp-json\/wp\/v2\/pages"}],"about":[{"href":"https:\/\/kanzlei-schillmann.de\/index.php\/wp-json\/wp\/v2\/types\/page"}],"author":[{"embeddable":true,"href":"https:\/\/kanzlei-schillmann.de\/index.php\/wp-json\/wp\/v2\/users\/5"}],"replies":[{"embeddable":true,"href":"https:\/\/kanzlei-schillmann.de\/index.php\/wp-json\/wp\/v2\/comments?post=622"}],"version-history":[{"count":88,"href":"https:\/\/kanzlei-schillmann.de\/index.php\/wp-json\/wp\/v2\/pages\/622\/revisions"}],"predecessor-version":[{"id":2105,"href":"https:\/\/kanzlei-schillmann.de\/index.php\/wp-json\/wp\/v2\/pages\/622\/revisions\/2105"}],"wp:attachment":[{"href":"https:\/\/kanzlei-schillmann.de\/index.php\/wp-json\/wp\/v2\/media?parent=622"}],"curies":[{"name":"wp","href":"https:\/\/api.w.org\/{rel}","templated":true}]}}