{"id":631,"date":"2021-08-04T15:25:28","date_gmt":"2021-08-04T13:25:28","guid":{"rendered":"https:\/\/staging.advokat36.de\/?page_id=631"},"modified":"2022-03-29T10:16:33","modified_gmt":"2022-03-29T08:16:33","slug":"urheberrecht","status":"publish","type":"page","link":"https:\/\/kanzlei-schillmann.de\/index.php\/urheberrecht\/","title":{"rendered":"Urheberrecht"},"content":{"rendered":"<p>[et_pb_section fb_built=&#8220;1&#8243; fullwidth=&#8220;on&#8220; _builder_version=&#8220;4.9.4&#8243; _module_preset=&#8220;default&#8220; height=&#8220;201px&#8220; bottom_divider_style=&#8220;slant2&#8243; bottom_divider_color=&#8220;#FFFFFF&#8220; bottom_divider_height=&#8220;50px&#8220; bottom_divider_flip=&#8220;horizontal&#8220;][et_pb_fullwidth_header title=&#8220;Urheberrecht&#8220; _builder_version=&#8220;4.9.4&#8243; _module_preset=&#8220;default&#8220; background_image=&#8220;https:\/\/kanzlei-schillmann.de\/wp-content\/uploads\/2021\/12\/graffiti-1874452_1920-schmal-1.jpg&#8220; background_position=&#8220;top_center&#8220; custom_padding=&#8220;||55px|||&#8220; hover_enabled=&#8220;0&#8243; background_blend=&#8220;overlay&#8220; sticky_enabled=&#8220;0&#8243;][\/et_pb_fullwidth_header][\/et_pb_section][et_pb_section fb_built=&#8220;1&#8243; admin_label=&#8220;Content&#8220; _builder_version=&#8220;4.9.4&#8243; _module_preset=&#8220;default&#8220; background_color_gradient_direction=&#8220;90deg&#8220; custom_padding=&#8220;50px||25px|||&#8220;][et_pb_row admin_label=&#8220;Ermittlungsverfahren&#8220; _builder_version=&#8220;4.9.4&#8243; _module_preset=&#8220;default&#8220; min_height=&#8220;100px&#8220;][et_pb_column type=&#8220;4_4&#8243; _builder_version=&#8220;4.9.4&#8243; _module_preset=&#8220;default&#8220;][et_pb_text quote_border_weight=&#8220;2px&#8220; quote_border_color=&#8220;#D93C45&#8243; _builder_version=&#8220;4.9.4&#8243; _module_preset=&#8220;default&#8220; quote_font=&#8220;||on||||||&#8220; quote_text_align=&#8220;left&#8220; quote_font_size=&#8220;18px&#8220;]<\/p>\n<p><strong>Wir stehen Ihnen als Rechtsbeistand insbesondere in folgenden F\u00e4llen bei:<\/strong><\/p>\n<ul>\n<li>au\u00dfergerichtliche und gerichtliche Durchsetzung von<span>\u00a0<\/span><strong>Unterlassungsanspr\u00fcche<\/strong><span>\u00a0<\/span>im Falle der Verletzung von Urheberrechten: Verletzung des Ver\u00f6ffentlichungsrechts, fehlende Anerkennung der Urheberschaft und bei Entstellung von Werken<\/li>\n<li>Au\u00dfergerichtliche und gerichtliche Abwehr bei<span>\u00a0<\/span><strong>unberechtigten Geltendmachung<\/strong><span>\u00a0<\/span>von oben genannten Anspr\u00fcchen<\/li>\n<li>Durchsetzung von<span>\u00a0<\/span><strong>Schadensersatzanspr\u00fcchen<\/strong><span>\u00a0<\/span>wegen Verletzung von Urheberrechten oder Abwehr solcher Anspr\u00fcche<\/li>\n<\/ul>\n<p>[\/et_pb_text][\/et_pb_column][\/et_pb_row][\/et_pb_section][et_pb_section fb_built=&#8220;1&#8243; admin_label=&#8220;Content&#8220; _builder_version=&#8220;4.9.4&#8243; _module_preset=&#8220;default&#8220; background_color_gradient_direction=&#8220;90deg&#8220; custom_padding=&#8220;0px|||||&#8220;][et_pb_row admin_label=&#8220;Ermittlungsverfahren&#8220; _builder_version=&#8220;4.9.4&#8243; _module_preset=&#8220;default&#8220; min_height=&#8220;100px&#8220;][et_pb_column type=&#8220;4_4&#8243; _builder_version=&#8220;4.9.4&#8243; _module_preset=&#8220;default&#8220;][et_pb_text quote_border_weight=&#8220;2px&#8220; quote_border_color=&#8220;#D93C45&#8243; _builder_version=&#8220;4.9.4&#8243; _module_preset=&#8220;default&#8220; quote_font=&#8220;||on||||||&#8220; quote_text_align=&#8220;left&#8220; quote_font_size=&#8220;18px&#8220;]<\/p>\n<h2>Durchsetzung von Unterlassungsanspr\u00fcchen<\/h2>\n<blockquote>\n<p><strong>Ein Kunstwerk von Ihnen<\/strong> (d.h. insbesondere ein Bild-, Film- oder Tonwerk) wurde <strong>ohne Ihre Erlaubnis verwendet<\/strong> oder ver\u00e4ndert?<\/p>\n<\/blockquote>\n<p>Wir beraten Sie bez\u00fcglich der Ihnen zustehenden Unterlassungsanspr\u00fcche, begleiten Sie im vorgerichtlichen Verfahren und stehen Ihnen auch gerne bei der Einleitung gerichtlicher Schritte zur Seite. Sofern ein Schadenersatzanspruch besteht, helfen wir Ihnen auch gerne bei der Durchsetzung.<\/p>\n<p>[\/et_pb_text][\/et_pb_column][\/et_pb_row][\/et_pb_section][et_pb_section fb_built=&#8220;1&#8243; _builder_version=&#8220;4.9.4&#8243; _module_preset=&#8220;default&#8220; background_color=&#8220;#303032&#8243; background_enable_image=&#8220;off&#8220; background_size=&#8220;initial&#8220; background_position=&#8220;bottom_left&#8220; width=&#8220;100%&#8220; min_height=&#8220;450px&#8220; custom_padding=&#8220;49px||0px|||&#8220; top_divider_style=&#8220;slant2&#8243; top_divider_color=&#8220;#FFFFFF&#8220; top_divider_height=&#8220;72px&#8220; top_divider_flip=&#8220;horizontal&#8220; bottom_divider_style=&#8220;slant2&#8243; bottom_divider_color=&#8220;#FFFFFF&#8220; bottom_divider_repeat=&#8220;0x&#8220; bottom_divider_flip=&#8220;horizontal&#8220; background_last_edited=&#8220;off|desktop&#8220; background_image_phone=&#8220;https:\/\/kanzlei-schillmann.de\/wp-content\/uploads\/2020\/09\/christa_profile-e1600716655661.jpg&#8220; background_enable_image_phone=&#8220;on&#8220; background_size_phone=&#8220;cover&#8220; background_position_phone=&#8220;top_center&#8220;][et_pb_row _builder_version=&#8220;4.9.4&#8243; _module_preset=&#8220;default&#8220;][et_pb_column type=&#8220;4_4&#8243; _builder_version=&#8220;4.9.4&#8243; _module_preset=&#8220;default&#8220;][et_pb_team_member name=&#8220;Darja Konovalika&#8220; position=&#8220;Partnerin und Rechtsanw\u00e4ltin f\u00fcrs Urheberrecht\u00a0&#8220; image_url=&#8220;https:\/\/kanzlei-schillmann.de\/wp-content\/uploads\/2022\/02\/darja-quadrat.jpg&#8220; _builder_version=&#8220;4.9.4&#8243; _dynamic_attributes=&#8220;link_option_url&#8220; _module_preset=&#8220;default&#8220; header_level=&#8220;h1&#8243; header_text_color=&#8220;#d8d8c5&#8243; header_font_size=&#8220;46px&#8220; body_text_color=&#8220;#FFFFFF&#8220; body_font_size=&#8220;20px&#8220; position_text_color=&#8220;#FFFFFF&#8220; position_font_size=&#8220;30px&#8220; position_line_height=&#8220;2.3em&#8220; link_option_url=&#8220;@ET-DC@eyJkeW5hbWljIjp0cnVlLCJjb250ZW50IjoicG9zdF9saW5rX3VybF9wYWdlIiwic2V0dGluZ3MiOnsicG9zdF9pZCI6IjQzOSJ9fQ==@&#8220; hover_enabled=&#8220;0&#8243; border_radii_image=&#8220;on|208px|208px|208px|208px&#8220; box_shadow_style_image=&#8220;preset6&#8243; title_text=&#8220;Dascha Business 065&#8243; sticky_enabled=&#8220;0&#8243;]<\/p>\n<ul>\n<li>Telefon: <a href=\"tel:+493091556674\">030 91556674<\/a><\/li>\n<li>E-Mail: <a href=\"mailto:schillmann@advokat36.de\">schillmann@advokat36.de<\/a><\/li>\n<\/ul>\n<p>[\/et_pb_team_member][\/et_pb_column][\/et_pb_row][\/et_pb_section][et_pb_section fb_built=&#8220;1&#8243; admin_label=&#8220;Content&#8220; _builder_version=&#8220;4.9.4&#8243; _module_preset=&#8220;default&#8220; background_color_gradient_direction=&#8220;90deg&#8220; custom_padding=&#8220;0px|||||&#8220;][et_pb_row admin_label=&#8220;Ermittlungsverfahren&#8220; _builder_version=&#8220;4.9.4&#8243; _module_preset=&#8220;default&#8220; min_height=&#8220;100px&#8220;][et_pb_column type=&#8220;4_4&#8243; _builder_version=&#8220;4.9.4&#8243; _module_preset=&#8220;default&#8220;][et_pb_text quote_border_weight=&#8220;2px&#8220; quote_border_color=&#8220;#D93C45&#8243; _builder_version=&#8220;4.9.4&#8243; _module_preset=&#8220;default&#8220; quote_font=&#8220;||on||||||&#8220; quote_text_align=&#8220;left&#8220; quote_font_size=&#8220;18px&#8220;]<\/p>\n<h2>Unberechtigte Geltendmachung<\/h2>\n<blockquote>\n<p>Gegen Sie wird der Vorwurf erhoben, Sie h\u00e4tten ein <strong>Kunstwerk unberechtigt verwendet<\/strong> oder Ver\u00e4ndert?<\/p>\n<\/blockquote>\n<p>M\u00f6glicherweise wurden gegen Sie sogar Schadenersatzanspr\u00fcche wegen angeblicher Verwendung oder Verunstaltung geltend gemacht? Kommen Sie gerne auf uns zu. Wir helfen Ihnen bei der Abwehr solcher Anspr\u00fcche. Sollte der Anspruch unberechtigt sein, sind die Kosten der Vertretung vom Kl\u00e4ger zu tragen. Kommen Sie gerne auf uns zu. Wir beraten Sie \u00fcber die Rechtslage und die M\u00f6glichkeit des weiteren Vorgehens.<\/p>\n<p>[\/et_pb_text][\/et_pb_column][\/et_pb_row][\/et_pb_section][et_pb_section fb_built=&#8220;1&#8243; admin_label=&#8220;Content&#8220; _builder_version=&#8220;4.9.4&#8243; _module_preset=&#8220;default&#8220; background_color_gradient_direction=&#8220;90deg&#8220; custom_padding=&#8220;0px|||||&#8220;][et_pb_row admin_label=&#8220;Ermittlungsverfahren&#8220; _builder_version=&#8220;4.9.4&#8243; _module_preset=&#8220;default&#8220; min_height=&#8220;100px&#8220;][et_pb_column type=&#8220;4_4&#8243; _builder_version=&#8220;4.9.4&#8243; _module_preset=&#8220;default&#8220;][et_pb_text quote_border_weight=&#8220;2px&#8220; quote_border_color=&#8220;#D93C45&#8243; _builder_version=&#8220;4.9.4&#8243; _module_preset=&#8220;default&#8220; quote_font=&#8220;||on||||||&#8220; quote_text_align=&#8220;left&#8220; quote_font_size=&#8220;18px&#8220;]<\/p>\n<h2>Schadensersatz<\/h2>\n<blockquote>\n<p>Sie sind der Ansicht <strong>Schadensersatzanspr\u00fcche<\/strong> aus Urheberrecht zu haben oder es werden Ihrer Meinung nach unberechtigte Anspr\u00fcche gegen Sie geltend gemacht?<\/p>\n<\/blockquote>\n<p>Wir beraten Sie gerne im Rahmen des vorgerichtlichen Verfahrens und stehen Ihnen auch im gerichtlichen Verfahren mit unserer Expertise zur Seite!<\/p>\n<p>[\/et_pb_text][\/et_pb_column][\/et_pb_row][\/et_pb_section][et_pb_section fb_built=&#8220;1&#8243; _builder_version=&#8220;4.9.4&#8243; _module_preset=&#8220;default&#8220;][et_pb_row admin_label=&#8220;Kosten&#8220; _builder_version=&#8220;4.9.4&#8243; _module_preset=&#8220;default&#8220; use_background_color_gradient=&#8220;on&#8220; background_color_gradient_start=&#8220;rgba(0,0,0,0)&#8220; background_color_gradient_end=&#8220;rgba(0,0,0,0.05)&#8220; background_color_gradient_direction=&#8220;172deg&#8220; background_color_gradient_start_position=&#8220;30%&#8220; custom_padding=&#8220;|||0px||&#8220; border_width_left=&#8220;4px&#8220; border_color_left=&#8220;#D93C45&#8243; border_style_left=&#8220;double&#8220; box_shadow_style=&#8220;preset1&#8243; box_shadow_blur=&#8220;10px&#8220; saved_tabs=&#8220;all&#8220; collapsed=&#8220;off&#8220;][et_pb_column type=&#8220;4_4&#8243; _builder_version=&#8220;4.9.4&#8243; _module_preset=&#8220;default&#8220;][et_pb_text admin_label=&#8220;Inhalt&#8220; _builder_version=&#8220;4.9.4&#8243; _module_preset=&#8220;default&#8220; width=&#8220;100%&#8220; custom_padding=&#8220;|||10px||&#8220; border_color_left=&#8220;#D93C45&#8243; border_style_left=&#8220;double&#8220;]<\/p>\n<h1 id=\"kosten\">Kosten<\/h1>\n<table style=\"height: 188px;\">\n<tbody>\n<tr style=\"height: 47px;\">\n<td style=\"height: 47px; width: 491.2px;\"><span style=\"color: #000000;\">Abmahnung<\/span><span style=\"color: #000000;\"> bei Verletzung des Urheberrechts (Streitgegenstand Fotografien)<\/span><\/td>\n<td style=\"height: 47px; width: 113.6px; text-align: right;\"><span style=\"color: #000000;\"><strong>280 \u20ac*<\/strong><\/span><\/td>\n<\/tr>\n<tr style=\"height: 47px;\">\n<td style=\"height: 47px; width: 491.2px;\"><span style=\"color: #000000;\">Au\u00dfergerichtliche Durchsetzung von Schadensersatzanspr\u00fcchen in H\u00f6he von 4000 \u20ac<\/span><\/td>\n<td style=\"height: 47px; width: 113.6px; text-align: right;\"><span style=\"color: #000000;\"><strong>350 \u20ac*<\/strong><\/span><\/td>\n<\/tr>\n<tr style=\"height: 47px;\">\n<td style=\"height: 47px; width: 491.2px;\"><span style=\"color: #000000;\">Gerichtliche Vertretung bei Durchsetzung von Schadensersatzanspr\u00fcchen in H\u00f6he von 4000 \u20ac<\/span><\/td>\n<td style=\"height: 47px; width: 113.6px; text-align: right;\"><span style=\"color: #000000;\"><strong>925 \u20ac*<\/strong><\/span><\/td>\n<\/tr>\n<tr style=\"height: 47px;\">\n<td style=\"height: 47px; width: 491.2px;\"><span style=\"color: #000000;\">Gerichtliche Vertretung bei Durchsetzung von Unterlassungsanspr\u00fcchen<\/span><\/td>\n<td style=\"height: 47px; width: 113.6px; text-align: right;\"><span style=\"color: #000000;\"><strong>675 \u20ac*<\/strong><\/span><\/td>\n<\/tr>\n<\/tbody>\n<\/table>\n<p>* Es handelt sich hierbei um einige Standardkonstellationen. Bitte beachten Sie, dass es sich dabei um ungef\u00e4hre Angaben handelt und die Geb\u00fchren sich zzgl. USt. verstehen.<\/p>\n<p>[\/et_pb_text][\/et_pb_column][\/et_pb_row][\/et_pb_section]<\/p>\n","protected":false},"excerpt":{"rendered":"<p>Wir stehen Ihnen als Rechtsbeistand insbesondere in folgenden F\u00e4llen bei: au\u00dfergerichtliche und gerichtliche Durchsetzung von\u00a0Unterlassungsanspr\u00fcche\u00a0im Falle der Verletzung von Urheberrechten: Verletzung des Ver\u00f6ffentlichungsrechts, fehlende Anerkennung der Urheberschaft und bei Entstellung von Werken Au\u00dfergerichtliche und gerichtliche Abwehr bei\u00a0unberechtigten Geltendmachung\u00a0von oben genannten Anspr\u00fcchen Durchsetzung von\u00a0Schadensersatzanspr\u00fcchen\u00a0wegen Verletzung von Urheberrechten oder Abwehr solcher Anspr\u00fcche Durchsetzung von Unterlassungsanspr\u00fcchen Ein Kunstwerk [&hellip;]<\/p>\n","protected":false},"author":5,"featured_media":0,"parent":0,"menu_order":0,"comment_status":"closed","ping_status":"closed","template":"","meta":{"_acf_changed":false,"_et_pb_use_builder":"on","_et_pb_old_content":"","_et_gb_content_width":"","iawp_total_views":0,"footnotes":""},"class_list":["post-631","page","type-page","status-publish","hentry"],"acf":[],"_links":{"self":[{"href":"https:\/\/kanzlei-schillmann.de\/index.php\/wp-json\/wp\/v2\/pages\/631","targetHints":{"allow":["GET"]}}],"collection":[{"href":"https:\/\/kanzlei-schillmann.de\/index.php\/wp-json\/wp\/v2\/pages"}],"about":[{"href":"https:\/\/kanzlei-schillmann.de\/index.php\/wp-json\/wp\/v2\/types\/page"}],"author":[{"embeddable":true,"href":"https:\/\/kanzlei-schillmann.de\/index.php\/wp-json\/wp\/v2\/users\/5"}],"replies":[{"embeddable":true,"href":"https:\/\/kanzlei-schillmann.de\/index.php\/wp-json\/wp\/v2\/comments?post=631"}],"version-history":[{"count":30,"href":"https:\/\/kanzlei-schillmann.de\/index.php\/wp-json\/wp\/v2\/pages\/631\/revisions"}],"predecessor-version":[{"id":1199,"href":"https:\/\/kanzlei-schillmann.de\/index.php\/wp-json\/wp\/v2\/pages\/631\/revisions\/1199"}],"wp:attachment":[{"href":"https:\/\/kanzlei-schillmann.de\/index.php\/wp-json\/wp\/v2\/media?parent=631"}],"curies":[{"name":"wp","href":"https:\/\/api.w.org\/{rel}","templated":true}]}}